{"id":7441,"date":"2025-12-23T19:42:52","date_gmt":"2025-12-23T18:42:52","guid":{"rendered":"https:\/\/fialasgym.com\/?page_id=7441"},"modified":"2025-12-23T19:51:45","modified_gmt":"2025-12-23T18:51:45","slug":"sluzby","status":"publish","type":"page","link":"https:\/\/fialasgym.com\/en\/sluzby\/","title":{"rendered":"Services"},"content":{"rendered":"<div data-elementor-type=\"wp-page\" data-elementor-id=\"7441\" class=\"elementor elementor-7441\">\n\t\t\t\t        <section class=\"elementor-section elementor-top-section elementor-element elementor-element-7882621 elementor-section-stretched elementor-section-boxed elementor-section-height-default elementor-section-height-default pxl-row-scroll-none pxl-section-smoke_particles-no pxl-bg-color-none pxl-section-overlay-none pxl-column-overflow-hidden-no\" data-id=\"7882621\" data-element_type=\"section\" data-settings=\"{&quot;stretch_section&quot;:&quot;section-stretched&quot;}\">\n\n                \n                <div class=\"elementor-container elementor-column-gap-extended\">\n                <div class=\"elementor-column elementor-col-100 elementor-top-column elementor-element elementor-element-9afa33b pxl-column-none pxl-section-offset-none\" data-id=\"9afa33b\" data-element_type=\"column\">    \r\n        <div class=\"elementor-widget-wrap elementor-element-populated\">\r\n                             \r\n            \t\t<div class=\"elementor-element elementor-element-f64b9e6 elementor-widget elementor-widget-pxl_image\" data-id=\"f64b9e6\" data-element_type=\"widget\" data-widget_type=\"pxl_image.default\">\n\t\t\t\t<div class=\"elementor-widget-container\">\n\t\t\t\t\t<div id=\"pxl_image-f64b9e6-5640\" class=\"pxl-image-single  style-default\" data-wow-delay=\"ms\" >\r\n    <div class=\"pxl-item--inner\" data-wow-delay=\"120ms\">\r\n        \r\n                                <div class=\"pxl-item--image\">\r\n                                                    <img decoding=\"async\" src=\"https:\/\/fialasgym.com\/wp-content\/uploads\/2023\/09\/about1.jpg\" class=\"no-lazyload attachment-full\" alt=\"\" \/>                                            <\/div>\r\n                            \r\n            <\/div>\r\n<\/div>\t\t\t\t<\/div>\n\t\t\t\t<\/div>\n\t\t\t\t<div class=\"elementor-element elementor-element-11d4852 elementor-widget elementor-widget-pxl_heading\" data-id=\"11d4852\" data-element_type=\"widget\" data-widget_type=\"pxl_heading.default\">\n\t\t\t\t<div class=\"elementor-widget-container\">\n\t\t\t\t\t<div id=\"pxl-pxl_heading-11d4852-4266\" class=\"pxl-heading\">\n\t<div class=\"pxl-heading--inner pxl-heading--bottom\">\n\t\t\t\t<h3 class=\"pxl-item--title  wow skewIn\" data-wow-delay=\"ms\">\n\t\tSERVICES OF OUR FITNESS AND WELLNESS CENTRE\t\t\n\t\t<\/h3>\n\t\t\t\t\t\t<\/div>\n\t<\/div>\t\t\t\t<\/div>\n\t\t\t\t<\/div>\n\t\t\t\t<div class=\"elementor-element elementor-element-3cb8e8c elementor-widget elementor-widget-pxl_text_editor\" data-id=\"3cb8e8c\" data-element_type=\"widget\" data-widget_type=\"pxl_text_editor.default\">\n\t\t\t\t<div class=\"elementor-widget-container\">\n\t\t\t\t\t<div class=\"pxl-text-editor\">\n\t<div class=\"pxl-item--inner\" data-wow-delay=\"ms\">\n\t\t<ul>\n \t<li><strong>Use of the gym<\/strong>: Modernly equipped fitness center with mostly American fitness and cardio machines from Hammer Strength\u00ae, Life Fitness, Cybex and other world brands. We have machines loaded for free weights, but also with the ability to adjust the weight using a pin. One and two handed dumbbells are a matter of course<\/li>\n<\/ul>\n\n<ul>\n \t<li style=\"list-style-type: none\">\n<ul>\n \t<li style=\"text-align: justify\"><strong>Personal trainers<\/strong>: A service in which the client exercises under the supervision of a professional who creates a customized training plan and helps with technique. Prices are individual.<\/li>\n<\/ul>\n<\/li>\n<\/ul>\n<ul>\n \t<li style=\"list-style-type: none\">\n<ul>\n \t<li><strong>Group lessons<\/strong>A: Instructor-led courses focusing on different types of exercise such as yoga, pilates, spinning or circuit training.<\/li>\n<\/ul>\n<\/li>\n<\/ul>\n<ul>\n \t<li style=\"list-style-type: none\">\n<ul>\n \t<li style=\"text-align: justify\"><strong>Wellness and relaxation<\/strong>A: Here you will find a modern SPA with sauna, steam, whirlpool and Relax zone for a very important relaxation for your body. You can also take advantage of the services of our excellent masseur.<\/li>\n<\/ul>\n<\/li>\n<\/ul>\n<ul>\n \t<li style=\"list-style-type: none\">\n<ul>\n \t<li style=\"text-align: justify\"><strong>Nutritional counselling and diagnostics<\/strong>A: We have a trained nutritionist on hand to advise you and also create a tailored menu. You can also have a body diagnosis (on the InBody 230) and then consult with our therapist.<\/li>\n<\/ul>\n<\/li>\n<\/ul>\n<ul>\n \t<li style=\"list-style-type: none\">\n<ul>\n \t<li style=\"text-align: justify\"><strong>Boxing and Octagon MMA<\/strong>A: In our center on the 1st floor we have built a room where you can find a boxing ring, Octagon cage, punching bags, pears and all this on the Tatami mats.<\/li>\n<\/ul>\n<\/li>\n<\/ul>\n<ul>\n \t<li style=\"list-style-type: none\">\n<ul>\n \t<li style=\"text-align: justify\"><strong>Cardio zone<\/strong>A: In our separate cardio zone you will find 8 treadmills, self-propelledCurve treadmills, Ski ergometer, 2 x stairs, CybexArcTrainers, rowing machines, treadmills, Air bikes, endless ladder and more.<\/li>\n<\/ul>\n<\/li>\n<\/ul>\n<ul>\n \t<li style=\"list-style-type: none\">\n<ul>\n \t<li style=\"text-align: justify\"><strong>Outdoor Spinning<\/strong>: We are preparing outdoor SPINNING in the open air<\/li>\n<\/ul>\n<\/li>\n<\/ul>\n<ul>\n \t<li style=\"list-style-type: none\">\n<ul>\n \t<li style=\"text-align: justify\"><strong>Reception with bar<\/strong>A: At our reception you will be served by friendly staff, the bar will offer coffee, tea, drinks, preparation of protein and carbohydrate drinks, a range of protein bars and other important supplementation can not miss. There will also be seating around the reception area for any meetings or just a friendly chat and drinks or food.<\/li>\n<\/ul>\n<\/li>\n<\/ul>\n<ul>\n \t<li style=\"list-style-type: none\">\n<ul>\n \t<li style=\"text-align: justify\"><strong>Towel and sheet rental<\/strong>A: You can buy a small or large towel at our reception for a fee, as well as a spa sheet.<\/li>\n<\/ul>\n<\/li>\n<\/ul>\n<ul>\n \t<li style=\"list-style-type: none\">\n<ul>\n \t<li style=\"text-align: justify\"><strong>Changing rooms and social facilities<\/strong>A: The changing rooms are divided into men's and women's. The women's changing room is equipped with chip lockers and in the sanitary facilities you will find 2 separate showers, 2 x WC and 2 x washbasin, a hairdryer is a matter of course. The men's changing room also has chip lockers, 2 separate showers, 2 x cubicle WC, 2 x urinals and 2 washbasins including a hairdryer.<\/li>\n<\/ul>\n<\/li>\n<\/ul>\n<ul>\n \t<li style=\"list-style-type: none\">\n<ul>\n \t<li style=\"text-align: justify\"><strong>Security of your valuables<\/strong>A: At the reception we have prepared security lockers for your valuables, which are locked only by you and guarded under constant supervision of the reception, but also by a camera system.<\/li>\n<\/ul>\n<\/li>\n<\/ul>\n<ul>\n \t<li style=\"list-style-type: none\">\n<ul>\n \t<li style=\"text-align: justify\"><strong>Music<\/strong>A: In our centre, music is produced and automatically transmitted online to monitors located on every possible visible wall in the centre, except in the boxing and wellness area where quiet is required.<\/li>\n<\/ul>\n<\/li>\n<\/ul>\n<ul>\n \t<li style=\"list-style-type: none\">\n<ul>\n \t<li style=\"text-align: justify\"><strong>Parking<\/strong>A: There are several free parking spaces in front of our centre<\/li>\n<\/ul>\n<\/li>\n<\/ul>\n<ul>\n \t<li style=\"text-align: justify\"><strong style=\"text-align: justify\">Opening hours<\/strong><span style=\"text-align: justify\">A: We have adjusted the opening hours so that no one can make excuses for not having time to go to the fitness centre. You are open daily, all year round, regardless of weekends or public holidays, from 6:00 am to 11:00 pm.<\/span><\/li>\n<\/ul>\t\t\n\t<\/div>\n<\/div>\t\t\t\t<\/div>\n\t\t\t\t<\/div>\n\t\t            <\/div>\r\n        <\/div>\r\n        \t\t\t<\/div>\n\t\t<\/section>\n\t\t        <section class=\"elementor-section elementor-top-section elementor-element elementor-element-98f96df elementor-section-stretched elementor-section-boxed elementor-section-height-default elementor-section-height-default pxl-row-scroll-none pxl-section-smoke_particles-no pxl-bg-color-none pxl-section-overlay-none pxl-column-overflow-hidden-no\" data-id=\"98f96df\" data-element_type=\"section\" data-settings=\"{&quot;stretch_section&quot;:&quot;section-stretched&quot;}\">\n\n                \n                <div class=\"elementor-container elementor-column-gap-extended\">\n                <div class=\"elementor-column elementor-col-50 elementor-top-column elementor-element elementor-element-1ba9b03 pxl-column-none pxl-section-offset-none\" data-id=\"1ba9b03\" data-element_type=\"column\">    \r\n        <div class=\"elementor-widget-wrap elementor-element-populated\">\r\n                             \r\n        \t\t<div class=\"elementor-element elementor-element-14b7cad elementor-widget elementor-widget-pxl_image\" data-id=\"14b7cad\" data-element_type=\"widget\" data-widget_type=\"pxl_image.default\">\n\t\t\t\t<div class=\"elementor-widget-container\">\n\t\t\t\t\t<div id=\"pxl_image-14b7cad-9858\" class=\"pxl-image-single  style-default wow skewIn\" data-wow-delay=\"ms\" >\r\n    <div class=\"pxl-item--inner\" data-wow-delay=\"120ms\">\r\n        \r\n                                <div class=\"pxl-item--image\">\r\n                                                    <img fetchpriority=\"high\" decoding=\"async\" width=\"568\" height=\"678\" src=\"https:\/\/fialasgym.com\/wp-content\/uploads\/2023\/09\/img-home2-3.jpg\" class=\"no-lazyload attachment-full\" alt=\"\" \/>                                            <\/div>\r\n                            \r\n            <\/div>\r\n<\/div>\t\t\t\t<\/div>\n\t\t\t\t<\/div>\n\t\t            <\/div>\r\n        <\/div>\r\n                <div class=\"elementor-column elementor-col-50 elementor-top-column elementor-element elementor-element-3c85e7d pxl-column-none pxl-section-offset-none\" data-id=\"3c85e7d\" data-element_type=\"column\">    \r\n        <div class=\"elementor-widget-wrap elementor-element-populated\">\r\n                             \r\n        \t\t<div class=\"elementor-element elementor-element-4a38c1c elementor-widget elementor-widget-pxl_heading\" data-id=\"4a38c1c\" data-element_type=\"widget\" data-widget_type=\"pxl_heading.default\">\n\t\t\t\t<div class=\"elementor-widget-container\">\n\t\t\t\t\t<div id=\"pxl-pxl_heading-4a38c1c-8651\" class=\"pxl-heading\">\n\t<div class=\"pxl-heading--inner pxl-heading--top\">\n\t\t        \n\t\t\t<span class=\"icon-heading top\">\n\t\t\t\t<svg xmlns=\"http:\/\/www.w3.org\/2000\/svg\" width=\"64\" height=\"18\" viewbox=\"0 0 64 18\" fill=\"none\"><path d=\"M27.4791 0.857422H18.0483L0.696289 18.0003H10.1271L27.4791 0.857422Z\" fill=\"#FF4D24\"><\/path><path d=\"M45.6998 0.857422H36.269L18.917 18.0003H28.3478L45.6998 0.857422Z\" fill=\"#FF4D24\"><\/path><path d=\"M63.9195 0.857422H54.4806L37.1367 18.0003H46.5594L63.9195 0.857422Z\" fill=\"#FF4D24\"><\/path><\/svg>\t\t\t<\/span>\n\t\t\t\t<h3 class=\"pxl-item--title  wow skewIn\" data-wow-delay=\"ms\">\n\t\tWHAT YOU WILL FIND IN OUR FITNESS\t\t\n\t\t<\/h3>\n\t\t\t\t\t\t<\/div>\n\t<\/div>\t\t\t\t<\/div>\n\t\t\t\t<\/div>\n\t\t        <section class=\"elementor-section elementor-inner-section elementor-element elementor-element-9c25f2a elementor-section-boxed elementor-section-height-default elementor-section-height-default pxl-row-scroll-none pxl-section-smoke_particles-no pxl-bg-color-none pxl-section-overlay-none pxl-column-overflow-hidden-no\" data-id=\"9c25f2a\" data-element_type=\"section\">\n\n                \n                <div class=\"elementor-container elementor-column-gap-no\">\n                <div class=\"elementor-column elementor-col-100 elementor-inner-column elementor-element elementor-element-0b6f3d6 pxl-column-none pxl-section-offset-none\" data-id=\"0b6f3d6\" data-element_type=\"column\">    \r\n        <div class=\"elementor-widget-wrap elementor-element-populated\">\r\n                             \r\n        \t\t<div class=\"elementor-element elementor-element-2ee121e elementor-widget elementor-widget-pxl_tab_icon_box\" data-id=\"2ee121e\" data-element_type=\"widget\" data-widget_type=\"pxl_tab_icon_box.default\">\n\t\t\t\t<div class=\"elementor-widget-container\">\n\t\t\t\t\t<div class=\"pxl-tab-icon-box1\">\r\n    <div class=\"pxl-tab-icon-box-inner\" data-settings='{\"limit\":\"4\"}'>\r\n                            <div class=\"pxl--item\" >\r\n                <div class=\"pxl-tab--title active\" data-target=\"#pxl_tab_icon_box-2ee121e-1167-4cf3ce3\">\r\n                                            <a class=\"pxl-item--icon\">\r\n                            <i aria-hidden=\"true\" class=\"flaticon flaticon-gym\"><\/i>                        <\/a>\r\n                                                                <a class=\"label pxl-pr-20\">  Our approach<\/a>\r\n                                        \r\n                <\/div>\r\n                <div id=\"pxl_tab_icon_box-2ee121e-1167-4cf3ce3\" class=\"pxl-item--inner active\" style=\"display: block;\">\r\n                    <div class=\"pxl-tab--content pxl-item--front\">\r\n                                                    <a class=\"pxl-item--icon\" href=\"#\">\r\n                                <i aria-hidden=\"true\" class=\"flaticon flaticon-gym\"><\/i>                            <\/a>\r\n                                                                            <a class=\"h5 pxl-pr-20\" href=\"#\">  Our approach<\/a>\r\n                           \r\n                                                    <span class=\"pxl-tab--des\">In our fitness center, we are all equal, we all chat, we are polite to each other. It doesn't matter who is the owner, who is the cleaner, or the receptionist, trainer or customer, because we are all in the same boat.<\/span>\r\n                                            <\/div>      \r\n                    <div class=\"pxl-tab--content pxl-item--backdrop\">\r\n                                                    <a class=\"pxl-item--icon\" href=\"#\">\r\n                                <i aria-hidden=\"true\" class=\"flaticon flaticon-gym\"><\/i>                            <\/a>\r\n                                                                            <a class=\"h5 pxl-pr-20\" href=\"#\">  Our approach<\/a>\r\n                           \r\n                                                    <span class=\"pxl-tab--des\">In our fitness center, we are all equal, we all chat, we are polite to each other. It doesn't matter who is the owner, who is the cleaner, or the receptionist, trainer or customer, because we are all in the same boat.<\/span>\r\n                                                <a class=\"pxl-item--link\" href=\"#\"><\/a>\r\n                    <\/div>    \r\n                <\/div>\r\n            <\/div>\r\n                    <div class=\"pxl--item\" >\r\n                <div class=\"pxl-tab--title\" data-target=\"#pxl_tab_icon_box-2ee121e-2182-f44648b\">\r\n                                            <a class=\"pxl-item--icon\">\r\n                            <i aria-hidden=\"true\" class=\"flaticon flaticon-weight\"><\/i>                        <\/a>\r\n                                                                <a class=\"label pxl-pr-20\">State-of-the-art equipment<\/a>\r\n                                        \r\n                <\/div>\r\n                <div id=\"pxl_tab_icon_box-2ee121e-2182-f44648b\" class=\"pxl-item--inner\" >\r\n                    <div class=\"pxl-tab--content pxl-item--front\">\r\n                                                    <a class=\"pxl-item--icon\" href=\"#\">\r\n                                <i aria-hidden=\"true\" class=\"flaticon flaticon-weight\"><\/i>                            <\/a>\r\n                                                                            <a class=\"h5 pxl-pr-20\" href=\"#\">State-of-the-art equipment<\/a>\r\n                           \r\n                                                    <span class=\"pxl-tab--des\">Our center is equipped with new machines from Hammer Strength\u00ae, Life Fitness, Cybex and other global brands. We have over 100 stations available, so no one has to wait for an available machine to enjoy their workout to the fullest.<\/span>\r\n                                            <\/div>      \r\n                    <div class=\"pxl-tab--content pxl-item--backdrop\">\r\n                                                    <a class=\"pxl-item--icon\" href=\"#\">\r\n                                <i aria-hidden=\"true\" class=\"flaticon flaticon-weight\"><\/i>                            <\/a>\r\n                                                                            <a class=\"h5 pxl-pr-20\" href=\"#\">State-of-the-art equipment<\/a>\r\n                           \r\n                                                    <span class=\"pxl-tab--des\">Our center is equipped with new machines from Hammer Strength\u00ae, Life Fitness, Cybex and other global brands. We have over 100 stations available, so no one has to wait for an available machine to enjoy their workout to the fullest.<\/span>\r\n                                                <a class=\"pxl-item--link\" href=\"#\"><\/a>\r\n                    <\/div>    \r\n                <\/div>\r\n            <\/div>\r\n                    <div class=\"pxl--item\" >\r\n                <div class=\"pxl-tab--title\" data-target=\"#pxl_tab_icon_box-2ee121e-6096-c76e7c8\">\r\n                                            <a class=\"pxl-item--icon\">\r\n                            <i aria-hidden=\"true\" class=\"flaticon flaticon-virtual-reality-fitness\"><\/i>                        <\/a>\r\n                                                                <a class=\"label pxl-pr-20\">Top trainers<\/a>\r\n                                        \r\n                <\/div>\r\n                <div id=\"pxl_tab_icon_box-2ee121e-6096-c76e7c8\" class=\"pxl-item--inner\" >\r\n                    <div class=\"pxl-tab--content pxl-item--front\">\r\n                                                    <a class=\"pxl-item--icon\" href=\"#\">\r\n                                <i aria-hidden=\"true\" class=\"flaticon flaticon-virtual-reality-fitness\"><\/i>                            <\/a>\r\n                                                                            <a class=\"h5 pxl-pr-20\" href=\"#\">Top trainers<\/a>\r\n                           \r\n                                                    <span class=\"pxl-tab--des\">You can choose your personal certified trainer, whether male or female, and agree on a price with him or her, because each trainer sets his or her own prices. Trainers are not tied to the fitness center in any way.<\/span>\r\n                                            <\/div>      \r\n                    <div class=\"pxl-tab--content pxl-item--backdrop\">\r\n                                                    <a class=\"pxl-item--icon\" href=\"#\">\r\n                                <i aria-hidden=\"true\" class=\"flaticon flaticon-virtual-reality-fitness\"><\/i>                            <\/a>\r\n                                                                            <a class=\"h5 pxl-pr-20\" href=\"#\">Top trainers<\/a>\r\n                           \r\n                                                    <span class=\"pxl-tab--des\">You can choose your personal certified trainer, whether male or female, and agree on a price with him or her, because each trainer sets his or her own prices. Trainers are not tied to the fitness center in any way.<\/span>\r\n                                                <a class=\"pxl-item--link\" href=\"#\"><\/a>\r\n                    <\/div>    \r\n                <\/div>\r\n            <\/div>\r\n                    <div class=\"pxl--item\" >\r\n                <div class=\"pxl-tab--title\" data-target=\"#pxl_tab_icon_box-2ee121e-5918-5c39ead\">\r\n                                            <a class=\"pxl-item--icon\">\r\n                            <i aria-hidden=\"true\" class=\"flaticon flaticon-kettlebell\"><\/i>                        <\/a>\r\n                                                                <a class=\"label pxl-pr-20\">Results-based exercises<\/a>\r\n                                        \r\n                <\/div>\r\n                <div id=\"pxl_tab_icon_box-2ee121e-5918-5c39ead\" class=\"pxl-item--inner\" >\r\n                    <div class=\"pxl-tab--content pxl-item--front\">\r\n                                                    <a class=\"pxl-item--icon\" href=\"#\">\r\n                                <i aria-hidden=\"true\" class=\"flaticon flaticon-kettlebell\"><\/i>                            <\/a>\r\n                                                                            <a class=\"h5 pxl-pr-20\" href=\"#\">Results-based exercises<\/a>\r\n                           \r\n                                                    <span class=\"pxl-tab--des\">We are happy to help absolutely anyone. We have over 35 years of experience in fitness and bodybuilding, we have nutritionists, we will create a customized diet for you, we simply have no problem with anything.<\/span>\r\n                                            <\/div>      \r\n                    <div class=\"pxl-tab--content pxl-item--backdrop\">\r\n                                                    <a class=\"pxl-item--icon\" href=\"#\">\r\n                                <i aria-hidden=\"true\" class=\"flaticon flaticon-kettlebell\"><\/i>                            <\/a>\r\n                                                                            <a class=\"h5 pxl-pr-20\" href=\"#\">Results-based exercises<\/a>\r\n                           \r\n                                                    <span class=\"pxl-tab--des\">We are happy to help absolutely anyone. We have over 35 years of experience in fitness and bodybuilding, we have nutritionists, we will create a customized diet for you, we simply have no problem with anything.<\/span>\r\n                                                <a class=\"pxl-item--link\" href=\"#\"><\/a>\r\n                    <\/div>    \r\n                <\/div>\r\n            <\/div>\r\n                <\/div>\r\n<\/div>\t\t\t\t<\/div>\n\t\t\t\t<\/div>\n\t\t            <\/div>\r\n        <\/div>\r\n        \t\t\t<\/div>\n\t\t<\/section>\n\t\t            <\/div>\r\n        <\/div>\r\n        \t\t\t<\/div>\n\t\t<\/section>\n\t\t\t\t<\/div>","protected":false},"excerpt":{"rendered":"<p>SLU\u017dBYNA\u0160EHO FITNESS A WELLNESS CENTRA Vyu\u017eit\u00ed posilovny: Modern\u011b vybaven\u00e9 fitness centrum p\u0159ev\u00e1\u017en\u011b americk\u00fdmi posilovac\u00edmi a kardio stroji zna\u010dky Hammer Strength\u00ae, Life Fitness, Cybex a dal\u0161\u00ed sv\u011btov\u00e9 zna\u010dky. Disponujeme stroji nakl\u00e1dac\u00edmi na volnou z\u00e1t\u011b\u017e, ale tak\u00e9 s mo\u017enost\u00ed navolit si v\u00e1hu pomoc\u00ed kol\u00edku. Jednoru\u010dn\u00ed a obouru\u010dn\u00ed \u010dinky jsou samoz\u0159ejmost\u00ed Osobn\u00ed tren\u00e9\u0159i: Slu\u017eba, p\u0159i kter\u00e9 klient cvi\u010d\u00ed [&hellip;]<\/p>","protected":false},"author":1,"featured_media":0,"parent":0,"menu_order":0,"comment_status":"closed","ping_status":"closed","template":"","meta":{"footnotes":""},"class_list":["post-7441","page","type-page","status-publish","hentry"],"_links":{"self":[{"href":"https:\/\/fialasgym.com\/en\/wp-json\/wp\/v2\/pages\/7441","targetHints":{"allow":["GET"]}}],"collection":[{"href":"https:\/\/fialasgym.com\/en\/wp-json\/wp\/v2\/pages"}],"about":[{"href":"https:\/\/fialasgym.com\/en\/wp-json\/wp\/v2\/types\/page"}],"author":[{"embeddable":true,"href":"https:\/\/fialasgym.com\/en\/wp-json\/wp\/v2\/users\/1"}],"replies":[{"embeddable":true,"href":"https:\/\/fialasgym.com\/en\/wp-json\/wp\/v2\/comments?post=7441"}],"version-history":[{"count":25,"href":"https:\/\/fialasgym.com\/en\/wp-json\/wp\/v2\/pages\/7441\/revisions"}],"predecessor-version":[{"id":7466,"href":"https:\/\/fialasgym.com\/en\/wp-json\/wp\/v2\/pages\/7441\/revisions\/7466"}],"wp:attachment":[{"href":"https:\/\/fialasgym.com\/en\/wp-json\/wp\/v2\/media?parent=7441"}],"curies":[{"name":"wp","href":"https:\/\/api.w.org\/{rel}","templated":true}]}}