{"id":7441,"date":"2025-12-23T19:42:52","date_gmt":"2025-12-23T18:42:52","guid":{"rendered":"https:\/\/fialasgym.com\/?page_id=7441"},"modified":"2025-12-23T19:51:45","modified_gmt":"2025-12-23T18:51:45","slug":"sluzby","status":"publish","type":"page","link":"https:\/\/fialasgym.com\/de\/sluzby\/","title":{"rendered":"Dienstleistungen"},"content":{"rendered":"<div data-elementor-type=\"wp-page\" data-elementor-id=\"7441\" class=\"elementor elementor-7441\">\n\t\t\t\t        <section class=\"elementor-section elementor-top-section elementor-element elementor-element-7882621 elementor-section-stretched elementor-section-boxed elementor-section-height-default elementor-section-height-default pxl-row-scroll-none pxl-section-smoke_particles-no pxl-bg-color-none pxl-section-overlay-none pxl-column-overflow-hidden-no\" data-id=\"7882621\" data-element_type=\"section\" data-settings=\"{&quot;stretch_section&quot;:&quot;section-stretched&quot;}\">\n\n                \n                <div class=\"elementor-container elementor-column-gap-extended\">\n                <div class=\"elementor-column elementor-col-100 elementor-top-column elementor-element elementor-element-9afa33b pxl-column-none pxl-section-offset-none\" data-id=\"9afa33b\" data-element_type=\"column\">    \r\n        <div class=\"elementor-widget-wrap elementor-element-populated\">\r\n                             \r\n            \t\t<div class=\"elementor-element elementor-element-f64b9e6 elementor-widget elementor-widget-pxl_image\" data-id=\"f64b9e6\" data-element_type=\"widget\" data-widget_type=\"pxl_image.default\">\n\t\t\t\t<div class=\"elementor-widget-container\">\n\t\t\t\t\t<div id=\"pxl_image-f64b9e6-7422\" class=\"pxl-image-single  style-default\" data-wow-delay=\"ms\" >\r\n    <div class=\"pxl-item--inner\" data-wow-delay=\"120ms\">\r\n        \r\n                                <div class=\"pxl-item--image\">\r\n                                                    <img decoding=\"async\" src=\"https:\/\/fialasgym.com\/wp-content\/uploads\/2023\/09\/about1.jpg\" class=\"no-lazyload attachment-full\" alt=\"\" \/>                                            <\/div>\r\n                            \r\n            <\/div>\r\n<\/div>\t\t\t\t<\/div>\n\t\t\t\t<\/div>\n\t\t\t\t<div class=\"elementor-element elementor-element-11d4852 elementor-widget elementor-widget-pxl_heading\" data-id=\"11d4852\" data-element_type=\"widget\" data-widget_type=\"pxl_heading.default\">\n\t\t\t\t<div class=\"elementor-widget-container\">\n\t\t\t\t\t<div id=\"pxl-pxl_heading-11d4852-3687\" class=\"pxl-heading\">\n\t<div class=\"pxl-heading--inner pxl-heading--bottom\">\n\t\t\t\t<h3 class=\"pxl-item--title  wow skewIn\" data-wow-delay=\"ms\">\n\t\tDIENSTLEISTUNGEN UNSERES FITNESS- UND WELLNESSZENTRUMS\t\t\n\t\t<\/h3>\n\t\t\t\t\t\t<\/div>\n\t<\/div>\t\t\t\t<\/div>\n\t\t\t\t<\/div>\n\t\t\t\t<div class=\"elementor-element elementor-element-3cb8e8c elementor-widget elementor-widget-pxl_text_editor\" data-id=\"3cb8e8c\" data-element_type=\"widget\" data-widget_type=\"pxl_text_editor.default\">\n\t\t\t\t<div class=\"elementor-widget-container\">\n\t\t\t\t\t<div class=\"pxl-text-editor\">\n\t<div class=\"pxl-item--inner\" data-wow-delay=\"ms\">\n\t\t<ul>\n \t<li><strong>Nutzung der Turnhalle<\/strong>Modern ausgestattetes Fitnesscenter mit \u00fcberwiegend amerikanischen Fitness- und Kardioger\u00e4ten von Hammer Strength\u00ae, Life Fitness, Cybex und anderen Weltmarken. Wir haben Ger\u00e4te mit freien Gewichten, aber auch mit der M\u00f6glichkeit, das Gewicht mit einem Stift einzustellen. Ein- und zweih\u00e4ndige Hanteln sind eine Selbstverst\u00e4ndlichkeit.<\/li>\n<\/ul>\n\n<ul>\n \t<li style=\"list-style-type: none\">\n<ul>\n \t<li style=\"text-align: justify\"><strong>Pers\u00f6nliche Trainer<\/strong>Ein Service, bei dem der Kunde unter der Aufsicht eines Fachmanns trainiert, der einen individuellen Trainingsplan erstellt und bei der Technik hilft. Die Preise sind individuell.<\/li>\n<\/ul>\n<\/li>\n<\/ul>\n<ul>\n \t<li style=\"list-style-type: none\">\n<ul>\n \t<li><strong>Gruppenunterricht<\/strong>A: Kurse unter Anleitung, die sich auf verschiedene Arten von Bewegung konzentrieren, wie Yoga, Pilates, Spinning oder Zirkeltraining.<\/li>\n<\/ul>\n<\/li>\n<\/ul>\n<ul>\n \t<li style=\"list-style-type: none\">\n<ul>\n \t<li style=\"text-align: justify\"><strong>Wellness und Entspannung<\/strong>A: Hier finden Sie ein modernes SPA mit Sauna, Dampfbad, Whirlpool und Relax-Zone f\u00fcr eine sehr wichtige Entspannung f\u00fcr Ihren K\u00f6rper. Sie k\u00f6nnen auch die Dienste unseres hervorragenden Masseurs in Anspruch nehmen.<\/li>\n<\/ul>\n<\/li>\n<\/ul>\n<ul>\n \t<li style=\"list-style-type: none\">\n<ul>\n \t<li style=\"text-align: justify\"><strong>Ern\u00e4hrungsberatung und -diagnostik<\/strong>A: Wir haben eine ausgebildete Ern\u00e4hrungsberaterin, die Sie ber\u00e4t und auch einen ma\u00dfgeschneiderten Speiseplan erstellt. Sie k\u00f6nnen auch eine K\u00f6rperdiagnose machen (auf dem InBody 230) und sich dann mit unserem Therapeuten beraten.<\/li>\n<\/ul>\n<\/li>\n<\/ul>\n<ul>\n \t<li style=\"list-style-type: none\">\n<ul>\n \t<li style=\"text-align: justify\"><strong>Boxen und Octagon MMA<\/strong>A: In unserem Zentrum im 1. Stock haben wir einen Raum eingerichtet, in dem Sie einen Boxring, einen Octagon-K\u00e4fig, Boxs\u00e4cke, Birnen und all das auf den Tatami-Matten finden k\u00f6nnen.<\/li>\n<\/ul>\n<\/li>\n<\/ul>\n<ul>\n \t<li style=\"list-style-type: none\">\n<ul>\n \t<li style=\"text-align: justify\"><strong>Kardio-Bereich<\/strong>A: In unserem separaten Cardio-Bereich finden Sie 8 Laufb\u00e4nder, selbstfahrende Kurvenlaufb\u00e4nder, Ski-Ergometer, 2 x Treppen, CybexArcTrainer, Ruderger\u00e4te, Laufb\u00e4nder, Airbikes, Endlosleiter und mehr.<\/li>\n<\/ul>\n<\/li>\n<\/ul>\n<ul>\n \t<li style=\"list-style-type: none\">\n<ul>\n \t<li style=\"text-align: justify\"><strong>Outdoor Spinning<\/strong>Wir bereiten SPINNING im Freien vor<\/li>\n<\/ul>\n<\/li>\n<\/ul>\n<ul>\n \t<li style=\"list-style-type: none\">\n<ul>\n \t<li style=\"text-align: justify\"><strong>Rezeption mit Bar<\/strong>A: An unserer Rezeption werden Sie von freundlichem Personal bedient werden, wird die Bar bieten Kaffee, Tee, Getr\u00e4nke, Zubereitung von Eiwei\u00df und Kohlenhydrat-Getr\u00e4nke, eine Reihe von Protein-Riegel und andere wichtige Erg\u00e4nzung kann nicht verpassen. Es wird auch Sitzgelegenheiten rund um den Empfangsbereich f\u00fcr alle Sitzungen oder einfach nur ein freundliches Gespr\u00e4ch und Getr\u00e4nke oder Essen sein.<\/li>\n<\/ul>\n<\/li>\n<\/ul>\n<ul>\n \t<li style=\"list-style-type: none\">\n<ul>\n \t<li style=\"text-align: justify\"><strong>Verleih von Handt\u00fcchern und Bettw\u00e4sche<\/strong>A: An unserer Rezeption k\u00f6nnen Sie gegen eine Geb\u00fchr ein kleines oder gro\u00dfes Handtuch sowie ein Badetuch kaufen.<\/li>\n<\/ul>\n<\/li>\n<\/ul>\n<ul>\n \t<li style=\"list-style-type: none\">\n<ul>\n \t<li style=\"text-align: justify\"><strong>Umkleider\u00e4ume und soziale Einrichtungen<\/strong>A: Die Umkleider\u00e4ume sind in Damen- und Herrenumkleiden unterteilt. Die Damenumkleide ist mit Chipspinden ausgestattet und in den Sanit\u00e4ranlagen finden Sie 2 separate Duschen, 2 x WC und 2 x Waschbecken, ein F\u00f6n ist eine Selbstverst\u00e4ndlichkeit. Der Herrenumkleideraum verf\u00fcgt ebenfalls \u00fcber Chipspinde, 2 separate Duschen, 2 x Kabinen-WC, 2 x Urinale und 2 Waschbecken inklusive F\u00f6hn.<\/li>\n<\/ul>\n<\/li>\n<\/ul>\n<ul>\n \t<li style=\"list-style-type: none\">\n<ul>\n \t<li style=\"text-align: justify\"><strong>Sicherheit f\u00fcr Ihre Wertsachen<\/strong>A: An der Rezeption haben wir Sicherheitsschlie\u00dff\u00e4cher f\u00fcr Ihre Wertsachen vorbereitet, die nur von Ihnen verschlossen und unter st\u00e4ndiger Aufsicht der Rezeption, aber auch durch ein Kamerasystem bewacht werden.<\/li>\n<\/ul>\n<\/li>\n<\/ul>\n<ul>\n \t<li style=\"list-style-type: none\">\n<ul>\n \t<li style=\"text-align: justify\"><strong>Musik<\/strong>A: In unserem Zentrum wird Musik produziert und automatisch online auf Monitore \u00fcbertragen, die sich an allen sichtbaren W\u00e4nden des Zentrums befinden, au\u00dfer im Box- und Wellnessbereich, wo Ruhe erforderlich ist.<\/li>\n<\/ul>\n<\/li>\n<\/ul>\n<ul>\n \t<li style=\"list-style-type: none\">\n<ul>\n \t<li style=\"text-align: justify\"><strong>Parken<\/strong>A: Es gibt mehrere kostenlose Parkpl\u00e4tze vor unserem Zentrum<\/li>\n<\/ul>\n<\/li>\n<\/ul>\n<ul>\n \t<li style=\"text-align: justify\"><strong style=\"text-align: justify\">\u00d6ffnungszeit<\/strong><span style=\"text-align: justify\">A: Wir haben die \u00d6ffnungszeiten angepasst, damit es keine Ausreden mehr gibt, wenn man keine Zeit hat, ins Fitnesscenter zu gehen. Sie haben t\u00e4glich, das ganze Jahr \u00fcber, unabh\u00e4ngig von Wochenenden oder Feiertagen, von 6:00 bis 23:00 Uhr ge\u00f6ffnet.<\/span><\/li>\n<\/ul>\t\t\n\t<\/div>\n<\/div>\t\t\t\t<\/div>\n\t\t\t\t<\/div>\n\t\t            <\/div>\r\n        <\/div>\r\n        \t\t\t<\/div>\n\t\t<\/section>\n\t\t        <section class=\"elementor-section elementor-top-section elementor-element elementor-element-98f96df elementor-section-stretched elementor-section-boxed elementor-section-height-default elementor-section-height-default pxl-row-scroll-none pxl-section-smoke_particles-no pxl-bg-color-none pxl-section-overlay-none pxl-column-overflow-hidden-no\" data-id=\"98f96df\" data-element_type=\"section\" data-settings=\"{&quot;stretch_section&quot;:&quot;section-stretched&quot;}\">\n\n                \n                <div class=\"elementor-container elementor-column-gap-extended\">\n                <div class=\"elementor-column elementor-col-50 elementor-top-column elementor-element elementor-element-1ba9b03 pxl-column-none pxl-section-offset-none\" data-id=\"1ba9b03\" data-element_type=\"column\">    \r\n        <div class=\"elementor-widget-wrap elementor-element-populated\">\r\n                             \r\n        \t\t<div class=\"elementor-element elementor-element-14b7cad elementor-widget elementor-widget-pxl_image\" data-id=\"14b7cad\" data-element_type=\"widget\" data-widget_type=\"pxl_image.default\">\n\t\t\t\t<div class=\"elementor-widget-container\">\n\t\t\t\t\t<div id=\"pxl_image-14b7cad-7481\" class=\"pxl-image-single  style-default wow skewIn\" data-wow-delay=\"ms\" >\r\n    <div class=\"pxl-item--inner\" data-wow-delay=\"120ms\">\r\n        \r\n                                <div class=\"pxl-item--image\">\r\n                                                    <img fetchpriority=\"high\" decoding=\"async\" width=\"568\" height=\"678\" src=\"https:\/\/fialasgym.com\/wp-content\/uploads\/2023\/09\/img-home2-3.jpg\" class=\"no-lazyload attachment-full\" alt=\"\" \/>                                            <\/div>\r\n                            \r\n            <\/div>\r\n<\/div>\t\t\t\t<\/div>\n\t\t\t\t<\/div>\n\t\t            <\/div>\r\n        <\/div>\r\n                <div class=\"elementor-column elementor-col-50 elementor-top-column elementor-element elementor-element-3c85e7d pxl-column-none pxl-section-offset-none\" data-id=\"3c85e7d\" data-element_type=\"column\">    \r\n        <div class=\"elementor-widget-wrap elementor-element-populated\">\r\n                             \r\n        \t\t<div class=\"elementor-element elementor-element-4a38c1c elementor-widget elementor-widget-pxl_heading\" data-id=\"4a38c1c\" data-element_type=\"widget\" data-widget_type=\"pxl_heading.default\">\n\t\t\t\t<div class=\"elementor-widget-container\">\n\t\t\t\t\t<div id=\"pxl-pxl_heading-4a38c1c-8275\" class=\"pxl-heading\">\n\t<div class=\"pxl-heading--inner pxl-heading--top\">\n\t\t        \n\t\t\t<span class=\"icon-heading top\">\n\t\t\t\t<svg xmlns=\"http:\/\/www.w3.org\/2000\/svg\" width=\"64\" height=\"18\" viewbox=\"0 0 64 18\" fill=\"none\"><path d=\"M27.4791 0.857422H18.0483L0.696289 18.0003H10.1271L27.4791 0.857422Z\" fill=\"#FF4D24\"><\/path><path d=\"M45.6998 0.857422H36.269L18.917 18.0003H28.3478L45.6998 0.857422Z\" fill=\"#FF4D24\"><\/path><path d=\"M63.9195 0.857422H54.4806L37.1367 18.0003H46.5594L63.9195 0.857422Z\" fill=\"#FF4D24\"><\/path><\/svg>\t\t\t<\/span>\n\t\t\t\t<h3 class=\"pxl-item--title  wow skewIn\" data-wow-delay=\"ms\">\n\t\tWAS SIE IN UNSEREM FITNESSSTUDIO FINDEN WERDEN\t\t\n\t\t<\/h3>\n\t\t\t\t\t\t<\/div>\n\t<\/div>\t\t\t\t<\/div>\n\t\t\t\t<\/div>\n\t\t        <section class=\"elementor-section elementor-inner-section elementor-element elementor-element-9c25f2a elementor-section-boxed elementor-section-height-default elementor-section-height-default pxl-row-scroll-none pxl-section-smoke_particles-no pxl-bg-color-none pxl-section-overlay-none pxl-column-overflow-hidden-no\" data-id=\"9c25f2a\" data-element_type=\"section\">\n\n                \n                <div class=\"elementor-container elementor-column-gap-no\">\n                <div class=\"elementor-column elementor-col-100 elementor-inner-column elementor-element elementor-element-0b6f3d6 pxl-column-none pxl-section-offset-none\" data-id=\"0b6f3d6\" data-element_type=\"column\">    \r\n        <div class=\"elementor-widget-wrap elementor-element-populated\">\r\n                             \r\n        \t\t<div class=\"elementor-element elementor-element-2ee121e elementor-widget elementor-widget-pxl_tab_icon_box\" data-id=\"2ee121e\" data-element_type=\"widget\" data-widget_type=\"pxl_tab_icon_box.default\">\n\t\t\t\t<div class=\"elementor-widget-container\">\n\t\t\t\t\t<div class=\"pxl-tab-icon-box1\">\r\n    <div class=\"pxl-tab-icon-box-inner\" data-settings='{\"limit\":\"4\"}'>\r\n                            <div class=\"pxl--item\" >\r\n                <div class=\"pxl-tab--title active\" data-target=\"#pxl_tab_icon_box-2ee121e-6155-4cf3ce3\">\r\n                                            <a class=\"pxl-item--icon\">\r\n                            <i aria-hidden=\"true\" class=\"flaticon flaticon-gym\"><\/i>                        <\/a>\r\n                                                                <a class=\"label pxl-pr-20\">  Unser Ansatz<\/a>\r\n                                        \r\n                <\/div>\r\n                <div id=\"pxl_tab_icon_box-2ee121e-6155-4cf3ce3\" class=\"pxl-item--inner active\" style=\"display: block;\">\r\n                    <div class=\"pxl-tab--content pxl-item--front\">\r\n                                                    <a class=\"pxl-item--icon\" href=\"#\">\r\n                                <i aria-hidden=\"true\" class=\"flaticon flaticon-gym\"><\/i>                            <\/a>\r\n                                                                            <a class=\"h5 pxl-pr-20\" href=\"#\">  Unser Ansatz<\/a>\r\n                           \r\n                                                    <span class=\"pxl-tab--des\">In unserem Fitnesscenter sind wir alle gleich, wir plaudern miteinander, wir sind h\u00f6flich zueinander. Es spielt keine Rolle, wer der Besitzer ist, wer die Reinigungskraft, die Rezeptionistin, der Trainer oder der Kunde, denn wir sitzen alle im selben Boot.<\/span>\r\n                                            <\/div>      \r\n                    <div class=\"pxl-tab--content pxl-item--backdrop\">\r\n                                                    <a class=\"pxl-item--icon\" href=\"#\">\r\n                                <i aria-hidden=\"true\" class=\"flaticon flaticon-gym\"><\/i>                            <\/a>\r\n                                                                            <a class=\"h5 pxl-pr-20\" href=\"#\">  Unser Ansatz<\/a>\r\n                           \r\n                                                    <span class=\"pxl-tab--des\">In unserem Fitnesscenter sind wir alle gleich, wir plaudern miteinander, wir sind h\u00f6flich zueinander. Es spielt keine Rolle, wer der Besitzer ist, wer die Reinigungskraft, die Rezeptionistin, der Trainer oder der Kunde, denn wir sitzen alle im selben Boot.<\/span>\r\n                                                <a class=\"pxl-item--link\" href=\"#\"><\/a>\r\n                    <\/div>    \r\n                <\/div>\r\n            <\/div>\r\n                    <div class=\"pxl--item\" >\r\n                <div class=\"pxl-tab--title\" data-target=\"#pxl_tab_icon_box-2ee121e-5725-f44648b\">\r\n                                            <a class=\"pxl-item--icon\">\r\n                            <i aria-hidden=\"true\" class=\"flaticon flaticon-weight\"><\/i>                        <\/a>\r\n                                                                <a class=\"label pxl-pr-20\">Ausr\u00fcstung auf dem neuesten Stand der Technik<\/a>\r\n                                        \r\n                <\/div>\r\n                <div id=\"pxl_tab_icon_box-2ee121e-5725-f44648b\" class=\"pxl-item--inner\" >\r\n                    <div class=\"pxl-tab--content pxl-item--front\">\r\n                                                    <a class=\"pxl-item--icon\" href=\"#\">\r\n                                <i aria-hidden=\"true\" class=\"flaticon flaticon-weight\"><\/i>                            <\/a>\r\n                                                                            <a class=\"h5 pxl-pr-20\" href=\"#\">Ausr\u00fcstung auf dem neuesten Stand der Technik<\/a>\r\n                           \r\n                                                    <span class=\"pxl-tab--des\">Unser Center ist mit neuen Ger\u00e4ten von Hammer Strength\u00ae, Life Fitness, Cybex und anderen Weltmarken ausgestattet. Wir verf\u00fcgen \u00fcber mehr als 100 Stationen, sodass niemand auf ein freies Ger\u00e4t warten muss, um sein Training in vollen Z\u00fcgen genie\u00dfen zu k\u00f6nnen.<\/span>\r\n                                            <\/div>      \r\n                    <div class=\"pxl-tab--content pxl-item--backdrop\">\r\n                                                    <a class=\"pxl-item--icon\" href=\"#\">\r\n                                <i aria-hidden=\"true\" class=\"flaticon flaticon-weight\"><\/i>                            <\/a>\r\n                                                                            <a class=\"h5 pxl-pr-20\" href=\"#\">Ausr\u00fcstung auf dem neuesten Stand der Technik<\/a>\r\n                           \r\n                                                    <span class=\"pxl-tab--des\">Unser Center ist mit neuen Ger\u00e4ten von Hammer Strength\u00ae, Life Fitness, Cybex und anderen Weltmarken ausgestattet. Wir verf\u00fcgen \u00fcber mehr als 100 Stationen, sodass niemand auf ein freies Ger\u00e4t warten muss, um sein Training in vollen Z\u00fcgen genie\u00dfen zu k\u00f6nnen.<\/span>\r\n                                                <a class=\"pxl-item--link\" href=\"#\"><\/a>\r\n                    <\/div>    \r\n                <\/div>\r\n            <\/div>\r\n                    <div class=\"pxl--item\" >\r\n                <div class=\"pxl-tab--title\" data-target=\"#pxl_tab_icon_box-2ee121e-9902-c76e7c8\">\r\n                                            <a class=\"pxl-item--icon\">\r\n                            <i aria-hidden=\"true\" class=\"flaticon flaticon-virtual-reality-fitness\"><\/i>                        <\/a>\r\n                                                                <a class=\"label pxl-pr-20\">Top-Trainer<\/a>\r\n                                        \r\n                <\/div>\r\n                <div id=\"pxl_tab_icon_box-2ee121e-9902-c76e7c8\" class=\"pxl-item--inner\" >\r\n                    <div class=\"pxl-tab--content pxl-item--front\">\r\n                                                    <a class=\"pxl-item--icon\" href=\"#\">\r\n                                <i aria-hidden=\"true\" class=\"flaticon flaticon-virtual-reality-fitness\"><\/i>                            <\/a>\r\n                                                                            <a class=\"h5 pxl-pr-20\" href=\"#\">Top-Trainer<\/a>\r\n                           \r\n                                                    <span class=\"pxl-tab--des\">Sie k\u00f6nnen sich Ihren pers\u00f6nlichen zertifizierten Trainer aussuchen, egal ob m\u00e4nnlich oder weiblich, und mit ihm einen Preis vereinbaren, denn jeder Trainer legt seine eigenen Preise fest. Die Trainer sind in keiner Weise an das Fitnesscenter gebunden.<\/span>\r\n                                            <\/div>      \r\n                    <div class=\"pxl-tab--content pxl-item--backdrop\">\r\n                                                    <a class=\"pxl-item--icon\" href=\"#\">\r\n                                <i aria-hidden=\"true\" class=\"flaticon flaticon-virtual-reality-fitness\"><\/i>                            <\/a>\r\n                                                                            <a class=\"h5 pxl-pr-20\" href=\"#\">Top-Trainer<\/a>\r\n                           \r\n                                                    <span class=\"pxl-tab--des\">Sie k\u00f6nnen sich Ihren pers\u00f6nlichen zertifizierten Trainer aussuchen, egal ob m\u00e4nnlich oder weiblich, und mit ihm einen Preis vereinbaren, denn jeder Trainer legt seine eigenen Preise fest. Die Trainer sind in keiner Weise an das Fitnesscenter gebunden.<\/span>\r\n                                                <a class=\"pxl-item--link\" href=\"#\"><\/a>\r\n                    <\/div>    \r\n                <\/div>\r\n            <\/div>\r\n                    <div class=\"pxl--item\" >\r\n                <div class=\"pxl-tab--title\" data-target=\"#pxl_tab_icon_box-2ee121e-5679-5c39ead\">\r\n                                            <a class=\"pxl-item--icon\">\r\n                            <i aria-hidden=\"true\" class=\"flaticon flaticon-kettlebell\"><\/i>                        <\/a>\r\n                                                                <a class=\"label pxl-pr-20\">Ergebnisorientierte \u00dcbungen<\/a>\r\n                                        \r\n                <\/div>\r\n                <div id=\"pxl_tab_icon_box-2ee121e-5679-5c39ead\" class=\"pxl-item--inner\" >\r\n                    <div class=\"pxl-tab--content pxl-item--front\">\r\n                                                    <a class=\"pxl-item--icon\" href=\"#\">\r\n                                <i aria-hidden=\"true\" class=\"flaticon flaticon-kettlebell\"><\/i>                            <\/a>\r\n                                                                            <a class=\"h5 pxl-pr-20\" href=\"#\">Ergebnisorientierte \u00dcbungen<\/a>\r\n                           \r\n                                                    <span class=\"pxl-tab--des\">Wir freuen uns, absolut jedem helfen zu k\u00f6nnen. Wir haben \u00fcber 35 Jahre Erfahrung im Bereich Fitness und Bodybuilding, wir haben Ern\u00e4hrungsberater, wir erstellen eine ma\u00dfgeschneiderte Di\u00e4t f\u00fcr Sie, wir haben einfach kein Problem mit allem.<\/span>\r\n                                            <\/div>      \r\n                    <div class=\"pxl-tab--content pxl-item--backdrop\">\r\n                                                    <a class=\"pxl-item--icon\" href=\"#\">\r\n                                <i aria-hidden=\"true\" class=\"flaticon flaticon-kettlebell\"><\/i>                            <\/a>\r\n                                                                            <a class=\"h5 pxl-pr-20\" href=\"#\">Ergebnisorientierte \u00dcbungen<\/a>\r\n                           \r\n                                                    <span class=\"pxl-tab--des\">Wir freuen uns, absolut jedem helfen zu k\u00f6nnen. Wir haben \u00fcber 35 Jahre Erfahrung im Bereich Fitness und Bodybuilding, wir haben Ern\u00e4hrungsberater, wir erstellen eine ma\u00dfgeschneiderte Di\u00e4t f\u00fcr Sie, wir haben einfach kein Problem mit allem.<\/span>\r\n                                                <a class=\"pxl-item--link\" href=\"#\"><\/a>\r\n                    <\/div>    \r\n                <\/div>\r\n            <\/div>\r\n                <\/div>\r\n<\/div>\t\t\t\t<\/div>\n\t\t\t\t<\/div>\n\t\t            <\/div>\r\n        <\/div>\r\n        \t\t\t<\/div>\n\t\t<\/section>\n\t\t            <\/div>\r\n        <\/div>\r\n        \t\t\t<\/div>\n\t\t<\/section>\n\t\t\t\t<\/div>","protected":false},"excerpt":{"rendered":"<p>SLU\u017dBYNA\u0160EHO FITNESS A WELLNESS CENTRA Vyu\u017eit\u00ed posilovny: Modern\u011b vybaven\u00e9 fitness centrum p\u0159ev\u00e1\u017en\u011b americk\u00fdmi posilovac\u00edmi a kardio stroji zna\u010dky Hammer Strength\u00ae, Life Fitness, Cybex a dal\u0161\u00ed sv\u011btov\u00e9 zna\u010dky. Disponujeme stroji nakl\u00e1dac\u00edmi na volnou z\u00e1t\u011b\u017e, ale tak\u00e9 s mo\u017enost\u00ed navolit si v\u00e1hu pomoc\u00ed kol\u00edku. Jednoru\u010dn\u00ed a obouru\u010dn\u00ed \u010dinky jsou samoz\u0159ejmost\u00ed Osobn\u00ed tren\u00e9\u0159i: Slu\u017eba, p\u0159i kter\u00e9 klient cvi\u010d\u00ed [&hellip;]<\/p>","protected":false},"author":1,"featured_media":0,"parent":0,"menu_order":0,"comment_status":"closed","ping_status":"closed","template":"","meta":{"footnotes":""},"class_list":["post-7441","page","type-page","status-publish","hentry"],"_links":{"self":[{"href":"https:\/\/fialasgym.com\/de\/wp-json\/wp\/v2\/pages\/7441","targetHints":{"allow":["GET"]}}],"collection":[{"href":"https:\/\/fialasgym.com\/de\/wp-json\/wp\/v2\/pages"}],"about":[{"href":"https:\/\/fialasgym.com\/de\/wp-json\/wp\/v2\/types\/page"}],"author":[{"embeddable":true,"href":"https:\/\/fialasgym.com\/de\/wp-json\/wp\/v2\/users\/1"}],"replies":[{"embeddable":true,"href":"https:\/\/fialasgym.com\/de\/wp-json\/wp\/v2\/comments?post=7441"}],"version-history":[{"count":25,"href":"https:\/\/fialasgym.com\/de\/wp-json\/wp\/v2\/pages\/7441\/revisions"}],"predecessor-version":[{"id":7466,"href":"https:\/\/fialasgym.com\/de\/wp-json\/wp\/v2\/pages\/7441\/revisions\/7466"}],"wp:attachment":[{"href":"https:\/\/fialasgym.com\/de\/wp-json\/wp\/v2\/media?parent=7441"}],"curies":[{"name":"wp","href":"https:\/\/api.w.org\/{rel}","templated":true}]}}